{"id":10870,"date":"2024-03-21T10:46:19","date_gmt":"2024-03-21T09:46:19","guid":{"rendered":"https:\/\/filharmoniasudecka.pl\/?page_id=10870"},"modified":"2024-10-03T10:55:30","modified_gmt":"2024-10-03T08:55:30","slug":"brass-plus-festival","status":"publish","type":"page","link":"https:\/\/filharmoniasudecka.pl\/en\/brass-plus-festival\/","title":{"rendered":"Brass Plus Festival"},"content":{"rendered":"\n<p><\/p>\n\n\n\n<div class=\"wp-block-media-text is-stacked-on-mobile\" style=\"grid-template-columns:30% auto\"><figure class=\"wp-block-media-text__media\"><img  loading=\"lazy\"  decoding=\"async\"  width=\"1024\"  height=\"1024\"  src=\"data:image\/png;base64,iVBORw0KGgoAAAANSUhEUgAABLAAAASwAQMAAADR7yGMAAAAA1BMVEUAAP+KeNJXAAAAAXRSTlMAQObYZgAAAAlwSFlzAAAOxAAADsQBlSsOGwAAAMZJREFUeNrtwTEBAAAAwqD1T20JT6AAAAAAAAAAAAAAAAAAAAAAAAAAAAAAAAAAAAAAAAAAAAAAAAAAAAAAAAAAAAAAAAAAAAAAAAAAAAAAAAAAAAAAAAAAAAAAAAAAAAAAAAAAAAAAAAAAAAAAAAAAAAAAAAAAAAAAAAAAAAAAAAAAAAAAAAAAAAAAAAAAAAAAAAAAAAAAAAAAAAAAAAAAAAAAAAAAAAAAAAAAAAAAAAAAAAAAAAAAAAAAAAAAAAAAAAAA4G\/D7gABl3NkWgAAAABJRU5ErkJggg==\"  alt=\"\"  class=\"wp-image-10319 size-full pk-lazyload\"  data-pk-sizes=\"auto\"  data-ls-sizes=\"auto, (max-width: 1024px) 100vw, 1024px\"  data-pk-src=\"https:\/\/filharmoniasudecka.pl\/wp-content\/uploads\/2024\/03\/Logo-w-kole-3-1024x1024.png\"  data-pk-srcset=\"https:\/\/filharmoniasudecka.pl\/wp-content\/uploads\/2024\/03\/Logo-w-kole-3-1024x1024.png 1024w, https:\/\/filharmoniasudecka.pl\/wp-content\/uploads\/2024\/03\/Logo-w-kole-3-300x300.png 300w, https:\/\/filharmoniasudecka.pl\/wp-content\/uploads\/2024\/03\/Logo-w-kole-3-150x150.png 150w, https:\/\/filharmoniasudecka.pl\/wp-content\/uploads\/2024\/03\/Logo-w-kole-3-768x768.png 768w, https:\/\/filharmoniasudecka.pl\/wp-content\/uploads\/2024\/03\/Logo-w-kole-3-80x80.png 80w, https:\/\/filharmoniasudecka.pl\/wp-content\/uploads\/2024\/03\/Logo-w-kole-3-100x100.png 100w, https:\/\/filharmoniasudecka.pl\/wp-content\/uploads\/2024\/03\/Logo-w-kole-3-416x416.png 416w, https:\/\/filharmoniasudecka.pl\/wp-content\/uploads\/2024\/03\/Logo-w-kole-3-856x856.png 856w, https:\/\/filharmoniasudecka.pl\/wp-content\/uploads\/2024\/03\/Logo-w-kole-3.png 1200w\" ><\/figure><div class=\"wp-block-media-text__content\">\n<p>Brass Plus Festival refers to the tradition of brass bands, which in the Wa\u0142brzych region have a rich history and supporters among representatives of different generations. However, this tradition for a long time did not have a dedicated event that would highlight the artistic values of music performed on wind instruments. Brass Plus Festival is the first festival of this type. It is part of the heritage of the Sudeten Philharmonic, which in a sense continues the activities of Wa\u0142brzych orchestras, including brass bands, whose history dates back to the 18th century.<\/p>\n<\/div><\/div>\n\n\n\n<p><strong>2ND BRASS PLUS FESTIVAL (2025)<\/strong><\/p>\n\n\n\n<p><strong>21.02.2025, Friday, 7 pm<\/strong><br>Wa\u0142brzych, Sudeten Philharmonic<br><strong>Opening Concert: From Broadway to Champs-\u00c9lys\u00e9es<\/strong><\/p>\n\n\n\n<p><strong>Performers:<br>Marek Pijarowski <\/strong>\u2013 conductor<br><strong>S\u0142awomir Cichor <\/strong>\u2013 trumpet<br><strong>Sudeten Philharmonic Orchestra<\/strong><\/p>\n\n\n\n<p><strong>Programme:<br>Aaron Copland<\/strong> \u2013 Fanfare for a Common Man   (2&#8242;)<br><strong>Ludwig van Beethoven<\/strong> \u2013 Leonore III    (16\u2019)<br><strong>George Frideric Handel <\/strong>\u2013 Suite in D major for trumpet and orchestra HWV 341    (8&#8242;)<br><em>Overture<br>Gigue. Allegro<br>Air<br>Bour\u00e9e<br>Marche<\/em><br><strong>Jim Stephenson <\/strong>\u2013 Tribute to Louis    (12\u2019)<br><em>When It\u2019s Sleepy Time Down South<br>Do You Know What it Means to Miss New Orleans?<br>Hello Dolly<br>What a Wonderful World<br>When the Saints Go Marching in<\/em><br><strong>George Gershwin<\/strong> \u2013 An American in Paris    (23\u2019)<\/p>\n\n\n\n<p><strong>Duration: <\/strong>110\u2019<br><strong>Tickets:<\/strong> 60 PLN \/ 40 PLN<\/p>\n\n\n\n<p><strong>23.02.2025, Sunday, 6 pm<\/strong><br>Wa\u0142brzych, Sudeten Philharmonic<br><strong>Rock Brass Band<\/strong><\/p>\n\n\n\n<p><strong>Performers:<br>Dariusz Piechowiak <\/strong>\u2013 conductor and narrator<br><strong>Anna Krystek<\/strong> \u2013 wokal vocal<br><strong>Jowita Kowalewska <\/strong>\u2013 wokal vocal<br><strong>Dzier\u017coni\u00f3w Brass Band<\/strong><\/p>\n\n\n\n<p><strong>Programme:<\/strong><br>Popular m\u00e9lodies and songs, a.o. \u201eDziwny jest ten \u015bwiat\u201d, \u201eOh, Pretty Woman\u201d, \u201eGdzie ci m\u0119\u017cczy\u017ani\u201d etc.<\/p>\n\n\n\n<p><strong>Duration:<\/strong> 60\u2019<br><strong>Tickets:<\/strong> 40 PLN \/ 20 PLN<\/p>\n\n\n\n<p><strong>28.02.2025, Friday, 7 pm<\/strong><br>Wa\u0142brzych, Sudeten Philharmonic<br><strong>A Visit to the Brass and Winds Philharmonic<\/strong><\/p>\n\n\n\n<p><strong>Performers:<br>Mariusz Dziubek<\/strong> \u2013 conductor<br><strong>Sudeten Philharmonic Orchestra<\/strong><\/p>\n\n\n\n<p><strong>Programme:<\/strong><br>The most famous hits of Polish and foreign music arranged by Mariusz Dziubek<\/p>\n\n\n\n<p><strong>Tickets:<\/strong> 100 PLN \/ 60 PLN<\/p>\n\n\n\n<p><strong>1.03.2025, Saturday, 6 pm<\/strong><br>Wa\u0142brzych, Sudeten Philharmonic<br><strong>Brass Party with Dizzy Boyz Brass Band<\/strong><\/p>\n\n\n\n<p><strong>Performers:<br>Dizzy Boyz Brass Band:<\/strong><br><strong>Jakub Doma\u0144ski<\/strong> \u2013 trumpet<br><strong>Kacper Grzanka<\/strong> \u2013 trumpet<br><strong>Wojciech Braszak<\/strong> \u2013 alto saxophone<br><strong>Maciej Soko\u0142owski<\/strong> \u2013 tenor saxophone<br><strong>Filip Szulc<\/strong> \u2013 baritone saxophone<br><strong>Maciej \u0141akomy<\/strong> \u2013 trombone<br><strong>Zbigniew Wilk<\/strong> \u2013 sousaphone<br><strong>Maksymilian Mi\u0144czykowski<\/strong> \u2013 drums<br>guest appearance:<br><strong>Daniel Moszczy\u0144ski<\/strong> \u2013 voice<\/p>\n\n\n\n<p><strong>Programme:<\/strong><br>Feel Like Funkin&#8217; It Up (music and lyrics Keith Frazier, Philip Frazier, Kermit Ruffins)<br>Get Lucky (music and lyrics Thomas Bangalter, Guy-Manuel de Homem-Christo, Phar-rell Williams, Nile Rodgers)<br>Can\u2019t stop (music John Frusciante, lyrics Anthony Kiedis)<br>Can\u2019t stop the feeling (music and lyrics Justin Timberlake, Max Martin, Shellback)<br>Ghostbusters (music and lyrics Ray Parker Jr.)<br>Sweet Dreams Are Made of This (music and lyrics Annie Lennox, David Allan Stewart)<br>Seven Nation Army (music and lyrics Jack White)<br>Sweet Home Chicago (music and lyrics Robert Johnson)<br>Peter Gunn (music Henry Mancini)<br>Gimme Some Lovin (music and lyrics Steve Winwood, Spencer Davis, Muff Winwood)<br>Moves Like Jagger (music and lyrics Adam Levine, Benjamin Levin, Ammar Malik, Shell-back)<br>Satisfaction (music and lyrics Benny Benassi)<br>Uptown Funk (music and lyrics Mark Ronson, Jeff Bhasker, Bruno Mars, Philip Law-rence)<\/p>\n\n\n\n<p><strong>Duration: <\/strong>90\u2019<br><strong>Tickets:<\/strong> 60 PLN \/ 40 PLN<\/p>\n\n\n\n<p><strong>Artistic Director of the Festival: Grzegorz Mondry<\/strong><\/p>\n","protected":false},"excerpt":{"rendered":"Brass Plus Festival refers to the tradition of brass bands, which in the Wa\u0142brzych region have a rich&hellip;\n","protected":false},"author":11,"featured_media":0,"parent":0,"menu_order":0,"comment_status":"closed","ping_status":"closed","template":"","meta":{"_price":"","_stock":"","_tribe_ticket_header":"","_tribe_default_ticket_provider":"","_ticket_start_date":"","_ticket_end_date":"","_tribe_ticket_show_description":"","_tribe_ticket_show_not_going":false,"_tribe_ticket_use_global_stock":"","_tribe_ticket_global_stock_level":"","_global_stock_mode":"","_global_stock_cap":"","_tribe_rsvp_for_event":"","_tribe_ticket_going_count":"","_tribe_ticket_not_going_count":"","_tribe_tickets_list":"[]","_tribe_ticket_has_attendee_info_fields":false,"csco_display_header_overlay":false,"csco_disable_site_padding":false,"csco_singular_sidebar":"","csco_page_header_type":"","csco_page_load_nextpost":"","csco_post_video_location":[],"csco_post_video_location_hash":"","csco_post_video_url":"","csco_post_video_bg_start_time":0,"csco_post_video_bg_end_time":0,"footnotes":""},"class_list":["post-10870","page","type-page","status-publish","cs-entry","cs-video-wrap"],"_links":{"self":[{"href":"https:\/\/filharmoniasudecka.pl\/en\/wp-json\/wp\/v2\/pages\/10870","targetHints":{"allow":["GET"]}}],"collection":[{"href":"https:\/\/filharmoniasudecka.pl\/en\/wp-json\/wp\/v2\/pages"}],"about":[{"href":"https:\/\/filharmoniasudecka.pl\/en\/wp-json\/wp\/v2\/types\/page"}],"author":[{"embeddable":true,"href":"https:\/\/filharmoniasudecka.pl\/en\/wp-json\/wp\/v2\/users\/11"}],"replies":[{"embeddable":true,"href":"https:\/\/filharmoniasudecka.pl\/en\/wp-json\/wp\/v2\/comments?post=10870"}],"version-history":[{"count":2,"href":"https:\/\/filharmoniasudecka.pl\/en\/wp-json\/wp\/v2\/pages\/10870\/revisions"}],"predecessor-version":[{"id":13438,"href":"https:\/\/filharmoniasudecka.pl\/en\/wp-json\/wp\/v2\/pages\/10870\/revisions\/13438"}],"wp:attachment":[{"href":"https:\/\/filharmoniasudecka.pl\/en\/wp-json\/wp\/v2\/media?parent=10870"}],"curies":[{"name":"wp","href":"https:\/\/api.w.org\/{rel}","templated":true}]}}