{"id":10878,"date":"2024-03-21T10:25:35","date_gmt":"2024-03-21T09:25:35","guid":{"rendered":"https:\/\/filharmoniasudecka.pl\/?page_id=10878"},"modified":"2024-10-03T10:39:38","modified_gmt":"2024-10-03T08:39:38","slug":"christmas-festival","status":"publish","type":"page","link":"https:\/\/filharmoniasudecka.pl\/en\/christmas-festival\/","title":{"rendered":"Christmas Festival"},"content":{"rendered":"\n<p><\/p>\n\n\n\n<div class=\"wp-block-media-text is-stacked-on-mobile\" style=\"grid-template-columns:25% auto\"><figure class=\"wp-block-media-text__media\"><img  loading=\"lazy\"  decoding=\"async\"  width=\"740\"  height=\"1024\"  src=\"data:image\/png;base64,iVBORw0KGgoAAAANSUhEUgAAAwwAAAQ4AQMAAACe\/ckNAAAAA1BMVEUAAP+KeNJXAAAAAXRSTlMAQObYZgAAAAlwSFlzAAAOxAAADsQBlSsOGwAAAH5JREFUeNrtwTEBAAAAwqD1T20LL6AAAAAAAAAAAAAAAAAAAAAAAAAAAAAAAAAAAAAAAAAAAAAAAAAAAAAAAAAAAAAAAAAAAAAAAAAAAAAAAAAAAAAAAAAAAAAAAAAAAAAAAAAAAAAAAAAAAAAAAAAAAAAAAAAAAAAAAAAA4GehtwABM0Hd7wAAAABJRU5ErkJggg==\"  alt=\"\"  class=\"wp-image-10919 size-full pk-lazyload\"  data-pk-sizes=\"auto\"  data-ls-sizes=\"auto, (max-width: 740px) 100vw, 740px\"  data-pk-src=\"https:\/\/filharmoniasudecka.pl\/wp-content\/uploads\/2024\/06\/Festiwal-B-2-740x1024.png\"  data-pk-srcset=\"https:\/\/filharmoniasudecka.pl\/wp-content\/uploads\/2024\/06\/Festiwal-B-2-740x1024.png 740w, https:\/\/filharmoniasudecka.pl\/wp-content\/uploads\/2024\/06\/Festiwal-B-2-217x300.png 217w, https:\/\/filharmoniasudecka.pl\/wp-content\/uploads\/2024\/06\/Festiwal-B-2-768x1063.png 768w, https:\/\/filharmoniasudecka.pl\/wp-content\/uploads\/2024\/06\/Festiwal-B-2-416x576.png 416w, https:\/\/filharmoniasudecka.pl\/wp-content\/uploads\/2024\/06\/Festiwal-B-2.png 780w\" ><\/figure><div class=\"wp-block-media-text__content\">\n<p>It is hard to imagine any celebration without music. Therefore, December, full of preparations for Christmas and New Year, is the perfect time to meet together and listen to music that sets the mood for these special days. And this is very diverse music, not necessarily the kind we know from shopping malls. Its richness is demonstrated by the Christmas Festival, held in December at the Sudeten Philharmonic.<\/p>\n<\/div><\/div>\n\n\n\n<p><strong>2ND CHRISTMAS FESTIVAL<\/strong> <strong>(2024)<\/strong><\/p>\n\n\n\n<p><strong>13.12.2024, Friday, 7 pm<\/strong><br>Wa\u0142brzych, Sudeten Philharmonic<br><strong>Master of Ceremonies. Weihnachtsoratorium<\/strong><\/p>\n\n\n\n<p><strong>Performers:<br>Przemys\u0142aw Fiugajski<\/strong> \u2013 conductor<br><strong>Ma\u0142gorzata Trojanowska<\/strong> \u2013 soprano<br><strong>Natalia P\u0142onka <\/strong>\u2013 mezzo-soprano<br><strong>Karol Koz\u0142owski<\/strong> \u2013 tenor<br><strong>Sebastian Szumski <\/strong>\u2013 baritone<br><strong>Krak\u00f3w Philharmonic Choir<\/strong><br><strong>Sudeten Philharmonic Orchestra<\/strong><\/p>\n\n\n\n<p><strong>Programme:<br>Johann Sebastian Bach<\/strong> \u2013 Weinnachtsoratorium \u2013 Cantatas:<br><em>no. 4 Fallt mit Danken, fallt mit Loben<\/em>    (26\u2019)<br><em>no. 5 Ehre sei Dir. Gott, gesungen    <\/em>(27\u2019)<em><br>no. 6 Herr, wenn die stolzen Feinde schnauben<\/em>    (31\u2019)<\/p>\n\n\n\n<p><strong>Duration:<\/strong> 110\u2019<br><strong>Tickets:<\/strong> 60 PLN \/ 40 PLN<\/p>\n\n\n\n<p><strong>14.12.2024, Saturday, 6 pm<\/strong><br>Wa\u0142brzych, Sudeten Philharmonic<br><strong>Masters of Chamber Music: Women Speak about Feelings<\/strong><\/p>\n\n\n\n<p><strong>Performers:<br>Anna Kubas-Kruk <\/strong>\u2013 soprano<br><strong>Anna Bernacka<\/strong> \u2013 mezzo-soprano<br><strong>Monika Kruk<\/strong> \u2013 piano<\/p>\n\n\n\n<p><strong>Programme:<br>Jan Antoni Wichrowski<\/strong> \u2013 \u201ePoca\u0142unki\u201d songs for voice with piano after Maria Pawlikow-ska-Jasnorzewska    (5\u2019)<br><em>Mi\u0142o\u015b\u0107<br>Z wielu powod\u00f3w<br>Li\u015bcie<br>Fotografia<\/em><br><strong>Tadeusz Zygfryd Kassern<\/strong> \u2013 \u201eKo\u0142ysanka\u201d<br><strong>Stanis\u0142aw Lipski <\/strong>\u2013 \u201eBiedne li\u015bcie\u201d op. 15 no. 1<br><strong>Stanis\u0142aw Lipski <\/strong>\u2013 Tak mi czego\u015b \u017cal op. 15 nr 6<br><strong>Stanis\u0142aw Lipski <\/strong>\u2013 Jesieni\u0105 op. 9 no. 6<br><strong>Henryk Opie\u0144ski<\/strong> \u2013 Preludes after Kazimierz Przerwa-Tetmajer    (3\u2019)<br><em>Prelude No. 2<br>Prelude No. 6<\/em><br><strong>Stanis\u0142aw Wiechowicz <\/strong>\u2013 8 Songs for voice and piano    (15\u2019)<br><em>Ko\u0142ysanka lalek<br>Poca\u0142unek<br>A kto Ciebie<br>Ta kolebka<br>Tren<br>Prowadzi\u0142y si\u0119 bieguny<br>Na krosnach<br>Czego Ty bledniesz<\/em><br><strong>Szymon Laks <\/strong>\u2013 Five Songs after Julian Tuwim for voice and piano    (12\u2019)<br><em>Szcz\u0119\u015bcie<br>Przymierze<br>Modlitwa<br>Erratum<br>Wszystko<\/em><br><strong>Jerzy Gablenz <\/strong>\u2013 W s\u0142onecznym blasku op. 11 no. 2<br><strong>Jerzy Gablenz <\/strong>\u2013 B\u0142\u0119kitne, cudne dzi\u015b rano op. 5 no. 2<br><strong>Jerzy Gablenz<\/strong> \u2013 Ty nie wiesz nawet jak mi \u017ale op. 7 no. 4<br><strong>Jerzy Gablenz<\/strong> \u2013 W Wojtusiowej izbie op. 16 (15\u2019)<br><em>O kusym kogutku<br>Kropelka<br>Jak to by\u0142o z chodakiem<br>Wy doro\u015bli to nie wiecie<br>Ga\u0142gankowa laleczka<br>K\u0105t poczciwy i \u0142awa<br>Trepki z klepki<br>Mruczek bajki opowiada<br>Baj-baj-baju<br>Janku m\u00f3j!<\/em><br><strong>Szymon Laks<\/strong> \u2013 O Grzesiu k\u0142amczuchu after Julian Tuwim<br><strong>Szymon Laks <\/strong>\u2013 Dyzio Marzyciel after Julian Tuwim<\/p>\n\n\n\n<p><strong>Duration:<\/strong> 75\u2019<br><strong>Tickets: <\/strong>40 PLN \/ 20 PLN<\/p>\n\n\n\n<p><strong>20.12.2024, Friday, 7 pm<\/strong><br>Wa\u0142brzych, Sudeten Philharmonic<br><strong>Chamber Concert: Carols on jazz<\/strong><\/p>\n\n\n\n<p><strong>Performers:<br>Andrzej Jagodzi\u0144ski Trio:<br>Andrzej Jagodzi\u0144ski<\/strong> \u2013 piano<br><strong>Adam Cegielski <\/strong>\u2013 bass<br><strong>Czes\u0142aw \u201eMa\u0142y\u201d Bartkowski<\/strong> \u2013 drums<br>TBC \u2013 vocal<\/p>\n\n\n\n<p><strong>Programme:<\/strong><br>The most beautiful Christmas carols: \u201eLulaj\u017ce, Jezuniu\u201d, \u201eGdy si\u0119 Chrystus rodzi\u201d, \u201eJezus Malusie\u0144ki\u201d, \u201eMizerna cicha\u201d, \u201eM\u0119drcy \u015bwiata\u201d, \u201eCicha noc i inne\u201d.<\/p>\n\n\n\n<p><strong>Duration: <\/strong>60\u2019<br><strong>Tickets:<\/strong> 40 PLN \/ 20 PLN<\/p>\n\n\n\n<p><strong>22.12.2024, Sunday, 5 pm<\/strong><br>Wa\u0142brzych, Sudeten Philharmonic<br><strong>Christmas Tale<\/strong><\/p>\n\n\n\n<p><strong>Performers:<br>Agnieszka Frank\u00f3w-\u017belazny<\/strong> \u2013 conductor<br><strong>Sudeten Philharmonic Children\u2019s Choir<\/strong><br><strong>Anna Kupczy\u0144ska <\/strong>\u2013 choirmistress<br><strong>Actors of Puppet Theatre<br>Sudeten Philharmonic Orchestra<\/strong><\/p>\n\n\n\n<p><strong>Programme:<br>Micha\u0142 Zi\u00f3\u0142kowski <\/strong>\u2013 Christmas Tale<br>Oratorio for symphony orchestra, children\u2019s choir and puppeteers<br>Libretto: <strong>Justyna Migu\u0142a<\/strong><\/p>\n\n\n\n<p><strong>Tickets:<\/strong> 60 PLN \/ 40 PLN<\/p>\n\n\n\n<p><\/p>\n\n\n\n<p><\/p>\n","protected":false},"excerpt":{"rendered":"It is hard to imagine any celebration without music. Therefore, December, full of preparations for Christmas and New&hellip;\n","protected":false},"author":11,"featured_media":0,"parent":0,"menu_order":0,"comment_status":"closed","ping_status":"closed","template":"","meta":{"_price":"","_stock":"","_tribe_ticket_header":"","_tribe_default_ticket_provider":"","_ticket_start_date":"","_ticket_end_date":"","_tribe_ticket_show_description":"","_tribe_ticket_show_not_going":false,"_tribe_ticket_use_global_stock":"","_tribe_ticket_global_stock_level":"","_global_stock_mode":"","_global_stock_cap":"","_tribe_rsvp_for_event":"","_tribe_ticket_going_count":"","_tribe_ticket_not_going_count":"","_tribe_tickets_list":"[]","_tribe_ticket_has_attendee_info_fields":false,"csco_display_header_overlay":false,"csco_disable_site_padding":false,"csco_singular_sidebar":"","csco_page_header_type":"","csco_page_load_nextpost":"","csco_post_video_location":[],"csco_post_video_location_hash":"","csco_post_video_url":"","csco_post_video_bg_start_time":0,"csco_post_video_bg_end_time":0,"footnotes":""},"class_list":["post-10878","page","type-page","status-publish","cs-entry","cs-video-wrap"],"_links":{"self":[{"href":"https:\/\/filharmoniasudecka.pl\/en\/wp-json\/wp\/v2\/pages\/10878","targetHints":{"allow":["GET"]}}],"collection":[{"href":"https:\/\/filharmoniasudecka.pl\/en\/wp-json\/wp\/v2\/pages"}],"about":[{"href":"https:\/\/filharmoniasudecka.pl\/en\/wp-json\/wp\/v2\/types\/page"}],"author":[{"embeddable":true,"href":"https:\/\/filharmoniasudecka.pl\/en\/wp-json\/wp\/v2\/users\/11"}],"replies":[{"embeddable":true,"href":"https:\/\/filharmoniasudecka.pl\/en\/wp-json\/wp\/v2\/comments?post=10878"}],"version-history":[{"count":3,"href":"https:\/\/filharmoniasudecka.pl\/en\/wp-json\/wp\/v2\/pages\/10878\/revisions"}],"predecessor-version":[{"id":13435,"href":"https:\/\/filharmoniasudecka.pl\/en\/wp-json\/wp\/v2\/pages\/10878\/revisions\/13435"}],"wp:attachment":[{"href":"https:\/\/filharmoniasudecka.pl\/en\/wp-json\/wp\/v2\/media?parent=10878"}],"curies":[{"name":"wp","href":"https:\/\/api.w.org\/{rel}","templated":true}]}}