{"id":12783,"date":"2024-09-05T08:53:25","date_gmt":"2024-09-05T06:53:25","guid":{"rendered":"https:\/\/filharmoniasudecka.pl\/?page_id=12783"},"modified":"2024-09-05T08:59:44","modified_gmt":"2024-09-05T06:59:44","slug":"monika-knoblochova","status":"publish","type":"page","link":"https:\/\/filharmoniasudecka.pl\/en\/monika-knoblochova\/","title":{"rendered":"Monika Knoblochov\u00e1"},"content":{"rendered":"\n<p><\/p>\n\n\n\n<div class=\"wp-block-media-text is-stacked-on-mobile\"><figure class=\"wp-block-media-text__media\"><img  loading=\"lazy\"  decoding=\"async\"  width=\"1024\"  height=\"698\"  src=\"data:image\/png;base64,iVBORw0KGgoAAAANSUhEUgAAAAEAAAABAQMAAAAl21bKAAAAA1BMVEUAAP+KeNJXAAAAAXRSTlMAQObYZgAAAAlwSFlzAAAOxAAADsQBlSsOGwAAAApJREFUCNdjYAAAAAIAAeIhvDMAAAAASUVORK5CYII=\"  alt=\"\"  class=\"wp-image-12778 size-full pk-lazyload\"  data-pk-sizes=\"auto\"  data-ls-sizes=\"auto, (max-width: 1024px) 100vw, 1024px\"  data-pk-src=\"https:\/\/filharmoniasudecka.pl\/wp-content\/uploads\/2024\/09\/Monika-Knoblochova-2-1024x698.jpg\"  data-pk-srcset=\"https:\/\/filharmoniasudecka.pl\/wp-content\/uploads\/2024\/09\/Monika-Knoblochova-2-1024x698.jpg 1024w, https:\/\/filharmoniasudecka.pl\/wp-content\/uploads\/2024\/09\/Monika-Knoblochova-2-300x204.jpg 300w, https:\/\/filharmoniasudecka.pl\/wp-content\/uploads\/2024\/09\/Monika-Knoblochova-2-768x523.jpg 768w, https:\/\/filharmoniasudecka.pl\/wp-content\/uploads\/2024\/09\/Monika-Knoblochova-2-416x284.jpg 416w, https:\/\/filharmoniasudecka.pl\/wp-content\/uploads\/2024\/09\/Monika-Knoblochova-2-856x583.jpg 856w, https:\/\/filharmoniasudecka.pl\/wp-content\/uploads\/2024\/09\/Monika-Knoblochova-2.jpg 1074w\" ><\/figure><div class=\"wp-block-media-text__content\">\n<p>A harpsichordist with a weakness for the fortepiano, a zealous advocate of authentic performance of baroque music and at the same time a renowned interpreter of music from our own time, a participant in many master classes all over Europe and holder of a number of prestigious performance awards, Monika Knoblohov\u00e1 is one of the most striking discoveries of her generation.<\/p>\n<\/div><\/div>\n\n\n\n<p>After graduating from the Prague Conservatory in the field of piano, Monika studied harpsichord at the Academy of Performing Arts in Prague under Giedr\u00e9 Luk\u0161ait\u00e9-Mr\u00e1zkov\u00e1 and Zuzana R\u016f\u017ei\u010dkov\u00e1 and from 1997 to 2000 musicology at Charles University in Prague. She completed a year&#8217;s study residence at the Hermann\u2013Zilcher Konservatorium in W\u00fcrzburg and from 1996 to 1998 studied under John Toll at the Dresdner Akademie f\u00fcr alte Musik. In 2000 she enrolled in the class of Ketil Haugsand at the Hochschule f\u00fcr Musik in Cologne and received her diploma in 2002. In 2001 she was a finalist in the Ober\u00f6sterreichischerSolistenwettbewerb (an international soloist competition), as a result of which she was invited to participate in prestigious courses at the Schleswig-Holstein Musik Festival led by Ton Koopman. The following year she received a three month scholarship to the Royal Conservatory in The Hague where she studied in the class of Jacques Ogg. In 2005 Monika received her Master\u2019s Diploma in the class of Christine Schornsheim at the Hochschule f\u00fcr Musik und Theater in Munich.<\/p>\n\n\n\n<p>At the 1999 Prague Spring International Competition Monika won Third Prize together with the title of Laureate and the Bohuslav Martin\u016f Foundation Prize for best performance of Martin\u016f\u2018s Concerto for Harpsichord and Small Orchestra, which she also recorded on CD. In 2002 she received the Czech Davidoff Prix, a prize awarded annually to the most striking young artist with prospects for a successful international career. In 2003 she won Third Prize and the title of Laureate in the sixteenth Grosser F\u00f6rderpreiswettbewerb in Munich in the field of historically informed performance of early music (together with flautist Jana Semer\u00e1dov\u00e1) and in the same year she was also awarded the Bohuslav Martin\u016f Society Prize at the Youth Forum in Karlovy Vary.<\/p>\n\n\n\n<p>Monika has recorded a wide spectrum of CDs. Her first CD for Supraphon The Complete Works for Harpsichord by Bohuslav Martinu (2005) received 10 JOKERS \u2013 Best CD of the Month (Crescendo, Belgium), 4 Diapason (France) and excellent reviews in Le Monde de la Musique, France and Harmonie, Czech Republic. Together with cellist Petr Nouzovsk\u00fd she recorded the Gamba Sonatas by J. S. Bach (Cube Bohemia, 2006) and Inventions by J. S. Bach and Czech contemporary composer Jan Nov\u00e1k (Cube Bohemia, 2007), both of which were critically acclaimed. In 2009 she recorded a double CD of the Complete Works for Harpsichord by Ji\u0159\u00ed Teml, which was released by Radioservis and in 2012 she recorded Leopold Ko\u017eeluh\u2019s Sonatas for Piano, accompanied by Flute and Violoncello for Supraphon on period instruments \u2013 a world premiere. In 2014, she recorded Goethe in Songs for the Radioservis label.<\/p>\n\n\n\n<p>Monika regularly performs as a soloist and chamber music player both at home and abroad (Germany, Austria, Belgium, France, Poland, Spain). She frequently collaborates with soloists Clara Nov\u00e1kov\u00e1, Petr Nouzovsk\u00fd, Kamila Mazalov\u00e1 and Jana Semer\u00e1dov\u00e1 (duo seraphim) and with ensembles Czech Ensemble Baroque, Musica Aeterna, Collegium 1704 and Berg Orchestra. Her varied repertoire ranges from the authentic interpretation of early music through classical music to contemporary music. She has premiered numerous contemporary compositions and in many cases has also recorded them for Czech Radio.<\/p>\n\n\n\n<p>Since 2008 Monika has presented her own concert series, the Caf\u00e9 Cr\u00e8me Music Salon, consisting of original, inventive performances combining early and modern music, the spoken word, dance and theatre.<\/p>\n\n\n\n<p>Monika has led the harpsichord department at the Early Music Summer Academy in Hole\u0161ov since 2006, has been teaching at the Early Music Academy at Masaryk University in Brno since 2007 and at the Academy of Performing Arts in Prague since 2015. From 2011 to 2013 she taught harpsichord at the Faculty of Arts of Ostrava University<\/p>\n\n\n\n<p><\/p>\n","protected":false},"excerpt":{"rendered":"A harpsichordist with a weakness for the fortepiano, a zealous advocate of authentic performance of baroque music and&hellip;\n","protected":false},"author":11,"featured_media":0,"parent":0,"menu_order":0,"comment_status":"closed","ping_status":"closed","template":"","meta":{"_price":"","_stock":"","_tribe_ticket_header":"","_tribe_default_ticket_provider":"","_ticket_start_date":"","_ticket_end_date":"","_tribe_ticket_show_description":"","_tribe_ticket_show_not_going":false,"_tribe_ticket_use_global_stock":"","_tribe_ticket_global_stock_level":"","_global_stock_mode":"","_global_stock_cap":"","_tribe_rsvp_for_event":"","_tribe_ticket_going_count":"","_tribe_ticket_not_going_count":"","_tribe_tickets_list":"[]","_tribe_ticket_has_attendee_info_fields":false,"csco_display_header_overlay":false,"csco_disable_site_padding":false,"csco_singular_sidebar":"","csco_page_header_type":"","csco_page_load_nextpost":"","csco_post_video_location":[],"csco_post_video_location_hash":"","csco_post_video_url":"","csco_post_video_bg_start_time":0,"csco_post_video_bg_end_time":0,"footnotes":""},"class_list":["post-12783","page","type-page","status-publish","cs-entry","cs-video-wrap"],"_links":{"self":[{"href":"https:\/\/filharmoniasudecka.pl\/en\/wp-json\/wp\/v2\/pages\/12783","targetHints":{"allow":["GET"]}}],"collection":[{"href":"https:\/\/filharmoniasudecka.pl\/en\/wp-json\/wp\/v2\/pages"}],"about":[{"href":"https:\/\/filharmoniasudecka.pl\/en\/wp-json\/wp\/v2\/types\/page"}],"author":[{"embeddable":true,"href":"https:\/\/filharmoniasudecka.pl\/en\/wp-json\/wp\/v2\/users\/11"}],"replies":[{"embeddable":true,"href":"https:\/\/filharmoniasudecka.pl\/en\/wp-json\/wp\/v2\/comments?post=12783"}],"version-history":[{"count":1,"href":"https:\/\/filharmoniasudecka.pl\/en\/wp-json\/wp\/v2\/pages\/12783\/revisions"}],"predecessor-version":[{"id":12784,"href":"https:\/\/filharmoniasudecka.pl\/en\/wp-json\/wp\/v2\/pages\/12783\/revisions\/12784"}],"wp:attachment":[{"href":"https:\/\/filharmoniasudecka.pl\/en\/wp-json\/wp\/v2\/media?parent=12783"}],"curies":[{"name":"wp","href":"https:\/\/api.w.org\/{rel}","templated":true}]}}