{"id":12786,"date":"2024-08-22T12:06:53","date_gmt":"2024-08-22T10:06:53","guid":{"rendered":"https:\/\/filharmoniasudecka.pl\/?page_id=12786"},"modified":"2024-09-05T09:04:09","modified_gmt":"2024-09-05T07:04:09","slug":"vojtech-spurny","status":"publish","type":"page","link":"https:\/\/filharmoniasudecka.pl\/en\/vojtech-spurny\/","title":{"rendered":"Vojt\u011bch Spurn\u00fd"},"content":{"rendered":"\n<p><\/p>\n\n\n\n<div class=\"wp-block-media-text is-stacked-on-mobile\"><figure class=\"wp-block-media-text__media\"><img  loading=\"lazy\"  decoding=\"async\"  width=\"1024\"  height=\"683\"  src=\"data:image\/png;base64,iVBORw0KGgoAAAANSUhEUgAAAAEAAAABAQMAAAAl21bKAAAAA1BMVEUAAP+KeNJXAAAAAXRSTlMAQObYZgAAAAlwSFlzAAAOxAAADsQBlSsOGwAAAApJREFUCNdjYAAAAAIAAeIhvDMAAAAASUVORK5CYII=\"  alt=\"\"  class=\"wp-image-12770 size-full pk-lazyload\"  data-pk-sizes=\"auto\"  data-ls-sizes=\"auto, (max-width: 1024px) 100vw, 1024px\"  data-pk-src=\"https:\/\/filharmoniasudecka.pl\/wp-content\/uploads\/2024\/09\/Vojtech-Spurny-1024x683.jpg\"  data-pk-srcset=\"https:\/\/filharmoniasudecka.pl\/wp-content\/uploads\/2024\/09\/Vojtech-Spurny-1024x683.jpg 1024w, https:\/\/filharmoniasudecka.pl\/wp-content\/uploads\/2024\/09\/Vojtech-Spurny-300x200.jpg 300w, https:\/\/filharmoniasudecka.pl\/wp-content\/uploads\/2024\/09\/Vojtech-Spurny-768x512.jpg 768w, https:\/\/filharmoniasudecka.pl\/wp-content\/uploads\/2024\/09\/Vojtech-Spurny-1536x1024.jpg 1536w, https:\/\/filharmoniasudecka.pl\/wp-content\/uploads\/2024\/09\/Vojtech-Spurny-2048x1365.jpg 2048w, https:\/\/filharmoniasudecka.pl\/wp-content\/uploads\/2024\/09\/Vojtech-Spurny-416x277.jpg 416w, https:\/\/filharmoniasudecka.pl\/wp-content\/uploads\/2024\/09\/Vojtech-Spurny-856x571.jpg 856w, https:\/\/filharmoniasudecka.pl\/wp-content\/uploads\/2024\/09\/Vojtech-Spurny-1296x864.jpg 1296w, https:\/\/filharmoniasudecka.pl\/wp-content\/uploads\/2024\/09\/Vojtech-Spurny-1320x880.jpg 1320w, https:\/\/filharmoniasudecka.pl\/wp-content\/uploads\/2024\/09\/Vojtech-Spurny-scaled.jpg 2560w\" ><\/figure><div class=\"wp-block-media-text__content\">\n<p>Vojt\u011bch Spurn\u00fd is a prominent Czech conductor, piano and harpsichord player and music instructor. His conducting career has seen him collaborate with the prestigious opera scenes and orchestras; he also actively performs on early keyboard instruments. At present, he is a chief conductor of the Silesian Theater in Opava and a permanent guest conductor of the South Bohemian Philharmonic Orchestra.<\/p>\n<\/div><\/div>\n\n\n\n<p>Vojt\u011bch Spurn\u00fd (born 1964) is a prominent Czech conductor, piano and harpsichord player and pedagogue. He studied piano and flute at the Prague Conservatoire and conducting, opera directing and harpsichord at the Academy of Performing Arts in Prague. At the Hoogeschool voor de Kunsten in Utrecht, the Netherlands, he later studied early music interpretation along with harpsichord and graduated with a &#8220;Uitvoerend musicus&#8221; degree. He further expanded his education by attending master classes led by J. Sonnleitner, H. Rilling, K. Gilbert etc.<\/p>\n\n\n\n<p>During his opera-conducting career, Spurn\u00fd worked at The Drottingholm Palace Theatre in Stockholm, J. K. Tyl Theatre in Pilsen, G\u00f6teborg Opera, Oslo Opera House, Staatstheater Hannover, Prague Chamber Opera, as well as The National Theatre and The State Opera in Prague. He was a permanent conductor (1999-2004) and artistic director (2002-2003) of The State Opera in Prague and a chief conductor of the Bohuslav Martin\u016f Philharmonic Orchestra (2015-2018). At present, he is a chief conductor of the Silesian Theater in Opava and a permanent guest conductor of the South Bohemian Philharmonic Orchestra.<br>Spurn\u00fd&#8217;s conducting career has seen him collaborate with the Czech Chamber Philharmonic, Ensemble 18+, Hradec Kr\u00e1lov\u00e9 Philharmonic Orchestra, South Czech Philharmonic, Prague Symphonic Chamber Orchestra, Prague Radio Symphonic Orchestra, Prague Symphonic Orchestra, PKF \u2013 Prague Philharmonia, Chursaechsische Kammerphilharmonie, Prague Chamber Orchestra, North Czech Philharmonic, Haas Ensemble, Czech Chamber Philharmonic Orchestra Pardubice, Suk Chamber Orchestra, Chamber Soloists of Brno, Jan\u00e1\u010dek Philharmonic Orchestra, Bohuslav Martin\u016f Philharmonic Orchestra, as well as with world class soloists, including S. Brill, P. Bernold, V. Hude\u010dek, M. Hundeling, S. Kam, \u0160. Margita, M. Maisky or D. Peckov\u00e1 among many others.<\/p>\n\n\n\n<p>He made appearance at several significant music festivals, such as the International Music Festival \u010cesk\u00fd Krumlov, Jan\u00e1\u010dek May International Music Festival, Festival Jan\u00e1\u010dek and Luha\u010dovice, The Prague Spring International Music Festival, Smetana&#8217;s Litomy\u0161l International Opera Festival, Feste Teatrale Valtice, The Smetana Days Festival, Harmonia Moraviae, Wiener Festwochen, Carinthischer Sommer etc.<\/p>\n\n\n\n<p>Apart from his busy conducting career, Vojt\u011bch Spurn\u00fd actively performs on early keyboard instruments as well as the quarter-tone piano. He recorded a comprehensive compilation consisting of works for harpsichord, clavichord and fortepiano for the Czech Radio. One of his recordings, entitled Masters of Czech Baroque and Classicism (released on BMG Czech Republic), was nominated for the Harmonie magazine award in 2003, whereas his recordings of Czech classicist symphonies (released on Alto Records) have earned critical praise. He participated (as conductor) in the filming of Giuseppe Verdi&#8217;s opera buffa Dove \u00e8 amore \u00e8 geliosa, shot at the Castle Theater in \u010cesk\u00fd Krumlov. The DVD release of thereof won the prestigious Preis der Deutschen Schallplattenkritik international award as well as the 2013 DVD Award.<\/p>\n\n\n\n<p>Vojt\u011bch Spurn\u00fd has been, in addition to his artistic career, involved in editorial work. For the Czech Radio, he edited the critical edition of works of V. J. Tom\u00e1\u0161ek and F. X. Du\u0161ek; he also took part in the release of the critical edition of J. J. Ryba&#8217;s Czech Christmas Mass and Stabat Mater.<\/p>\n\n\n\n<p>Vojt\u011bch Spurn\u00fd also provides educational and pedagogical work &#8211; he teaches harpsichord at the Faculty of Arts of the University of Ostrava and regularly performs in educational concerts for young audiences.<\/p>\n","protected":false},"excerpt":{"rendered":"Vojt\u011bch Spurn\u00fd is a prominent Czech conductor, piano and harpsichord player and music instructor. His conducting career has&hellip;\n","protected":false},"author":11,"featured_media":0,"parent":0,"menu_order":0,"comment_status":"closed","ping_status":"closed","template":"","meta":{"_price":"","_stock":"","_tribe_ticket_header":"","_tribe_default_ticket_provider":"","_ticket_start_date":"","_ticket_end_date":"","_tribe_ticket_show_description":"","_tribe_ticket_show_not_going":false,"_tribe_ticket_use_global_stock":"","_tribe_ticket_global_stock_level":"","_global_stock_mode":"","_global_stock_cap":"","_tribe_rsvp_for_event":"","_tribe_ticket_going_count":"","_tribe_ticket_not_going_count":"","_tribe_tickets_list":"[]","_tribe_ticket_has_attendee_info_fields":false,"csco_display_header_overlay":false,"csco_disable_site_padding":false,"csco_singular_sidebar":"","csco_page_header_type":"","csco_page_load_nextpost":"","csco_post_video_location":[],"csco_post_video_location_hash":"","csco_post_video_url":"","csco_post_video_bg_start_time":0,"csco_post_video_bg_end_time":0,"footnotes":""},"class_list":["post-12786","page","type-page","status-publish","cs-entry","cs-video-wrap"],"_links":{"self":[{"href":"https:\/\/filharmoniasudecka.pl\/en\/wp-json\/wp\/v2\/pages\/12786","targetHints":{"allow":["GET"]}}],"collection":[{"href":"https:\/\/filharmoniasudecka.pl\/en\/wp-json\/wp\/v2\/pages"}],"about":[{"href":"https:\/\/filharmoniasudecka.pl\/en\/wp-json\/wp\/v2\/types\/page"}],"author":[{"embeddable":true,"href":"https:\/\/filharmoniasudecka.pl\/en\/wp-json\/wp\/v2\/users\/11"}],"replies":[{"embeddable":true,"href":"https:\/\/filharmoniasudecka.pl\/en\/wp-json\/wp\/v2\/comments?post=12786"}],"version-history":[{"count":1,"href":"https:\/\/filharmoniasudecka.pl\/en\/wp-json\/wp\/v2\/pages\/12786\/revisions"}],"predecessor-version":[{"id":12787,"href":"https:\/\/filharmoniasudecka.pl\/en\/wp-json\/wp\/v2\/pages\/12786\/revisions\/12787"}],"wp:attachment":[{"href":"https:\/\/filharmoniasudecka.pl\/en\/wp-json\/wp\/v2\/media?parent=12786"}],"curies":[{"name":"wp","href":"https:\/\/api.w.org\/{rel}","templated":true}]}}