{"id":13295,"date":"2024-09-05T10:01:01","date_gmt":"2024-09-05T08:01:01","guid":{"rendered":"https:\/\/filharmoniasudecka.pl\/?page_id=13295"},"modified":"2024-09-25T10:19:24","modified_gmt":"2024-09-25T08:19:24","slug":"our-patron-jozef-wilkomirski","status":"publish","type":"page","link":"https:\/\/filharmoniasudecka.pl\/en\/our-patron-jozef-wilkomirski\/","title":{"rendered":"Our Patron \u2013 J\u00f3zef Wi\u0142komirski"},"content":{"rendered":"\n<p><\/p>\n\n\n\n<div class=\"wp-block-media-text is-stacked-on-mobile\"><figure class=\"wp-block-media-text__media\"><img  loading=\"lazy\"  decoding=\"async\"  width=\"682\"  height=\"1024\"  src=\"data:image\/png;base64,iVBORw0KGgoAAAANSUhEUgAABJ0AAAbsAQMAAACHn3BJAAAAA1BMVEUAAP+KeNJXAAAAAXRSTlMAQObYZgAAAAlwSFlzAAAOxAAADsQBlSsOGwAAARdJREFUeNrtwTEBAAAAwqD1T20KP6AAAAAAAAAAAAAAAAAAAAAAAAAAAAAAAAAAAAAAAAAAAAAAAAAAAAAAAAAAAAAAAAAAAAAAAAAAAAAAAAAAAAAAAAAAAAAAAAAAAAAAAAAAAAAAAAAAAAAAAAAAAAAAAAAAAAAAAAAAAAAAAAAAAAAAAAAAAAAAAAAAAAAAAAAAAAAAAAAAAAAAAAAAAAAAAAAAAAAAAAAAAAAAAAAAAAAAAAAAAAAAAAAAAAAAAAAAAAAAAAAAAAAAAAAAAAAAAAAAAAAAAAAAAAAAAAAAAAAAAAAAAAAAAAAAAAAAAAAAAAAAAAAAAAAAAAAAAAAAAAAAAAAAAAAAAAAAAAAAAACApwEHmAABW5EMGQAAAABJRU5ErkJggg==\"  alt=\"\"  class=\"wp-image-12807 size-full pk-lazyload\"  data-pk-sizes=\"auto\"  data-ls-sizes=\"auto, (max-width: 682px) 100vw, 682px\"  data-pk-src=\"https:\/\/filharmoniasudecka.pl\/wp-content\/uploads\/2024\/09\/Wilkomirski-1-682x1024.jpg\"  data-pk-srcset=\"https:\/\/filharmoniasudecka.pl\/wp-content\/uploads\/2024\/09\/Wilkomirski-1-682x1024.jpg 682w, https:\/\/filharmoniasudecka.pl\/wp-content\/uploads\/2024\/09\/Wilkomirski-1-200x300.jpg 200w, https:\/\/filharmoniasudecka.pl\/wp-content\/uploads\/2024\/09\/Wilkomirski-1-768x1152.jpg 768w, https:\/\/filharmoniasudecka.pl\/wp-content\/uploads\/2024\/09\/Wilkomirski-1-1024x1536.jpg 1024w, https:\/\/filharmoniasudecka.pl\/wp-content\/uploads\/2024\/09\/Wilkomirski-1-416x624.jpg 416w, https:\/\/filharmoniasudecka.pl\/wp-content\/uploads\/2024\/09\/Wilkomirski-1-856x1284.jpg 856w, https:\/\/filharmoniasudecka.pl\/wp-content\/uploads\/2024\/09\/Wilkomirski-1.jpg 1181w\" ><\/figure><div class=\"wp-block-media-text__content\">\n<p class=\"has-text-align-center\"><strong>J\u00d3ZEF WI\u0141KOMIRSKI (1926\u20132020)<br>Patron of the Sudeten Philharmonic<\/strong><\/p>\n\n\n\n<p class=\"has-text-align-center\"><em>\u201cFirst of all, let me introduce myself, I am not a professor. Although I taught for a number of years, I do not have the title of professor. If you must address me, you can address me, for example, as \u201cDirector\u201d, because I am honorary director, and I was ordinary director for forty-two years \u2013 probably a Polish record \u2013 and in only two institutions. [&#8230;] My name and surname are J\u00f3zef Wi\u0142komirski. It is better not to say how old I am, because I was born in 1926.\u201d<\/em><br>J\u00f3zef Wi\u0142komirski interviewed by Krystyna Cedro-Ceremu\u017cy\u0144ska (fragment)<\/p>\n<\/div><\/div>\n\n\n\n<p><\/p>\n\n\n\n<p>J\u00f3zef Wi\u0142komirski \u2013 conductor, composer, cellist, populariser of culture and author. He was born on 15 May 1926 in Kalisz into a family with rich musical traditions. His father Alfred lectured at the conservatories in Warsaw, \u0141\u00f3d\u017a and Lublin, his half-siblings, Maria and Kazimierz, were famous musicians and active participants in musical life in Poland, and his sister Wanda gained international fame as a violinist. As a child, J\u00f3zef Wi\u0142komirski learned to play the cello.<\/p>\n\n\n\n<p>During the war, he was a soldier of the Home Army. He fought in the Warsaw Uprising. In the following years, he remained an active participant in cultural and social life, a witness and a keen observer of the most important events in post-war Poland.<\/p>\n\n\n\n<p>After the end of World War II, another important stage of his life began. He studied conducting and cello at the State Superior School of Music in \u0141\u00f3d\u017a (Z. G\u00f3rzy\u0144ski, W. Ormicki), then in Warsaw. As a cellist, he was a member of the State Philharmonic Orchestra in \u0141\u00f3d\u017a and an opera orchestra in Warsaw. He was a conductor of the Krak\u00f3w Philharmonic (1950-1951) and Pozna\u0144 Philharmonic (1954-1957), artistic director and conductor of the Philharmonic in Szczecin (1957-1971). In 1978, he founded the Philharmonic in Wa\u0142brzych, of which he was managing and artistic director until September 2005.<\/p>\n\n\n\n<p>He led a busy artistic activity, performing over 1,600 concerts in 26 countries in Europe, Asia and America. He was also a composer: his numerous works were performed all over the world. Part of this output are compositions written with music students in mind \u2013 intended for children and young people. This aspect was particularly close to him. He wrote lyrics for many of his compositions and musical fairy tales. His writing skills also allowed him to write over three hundred articles and columns on not only musical topics. J\u00f3zef Wi\u0142komirski was involved in the popularisation of music in the mass media (he prepared about 400 broadcasts). He died on 1 August 2020, on the 76th anniversary of the Warsaw Uprising, in which he \u2013 as mentioned above \u2013 took part. He was buried at the Pow\u0105zki Cemetery in Warsaw. By resolution no. XXIII\/558\/20 of the Lower Silesian Assembly of 29 October 2020, the Sudeten Philharmonic in Wa\u0142brzych was named after J\u00f3zef Wi\u0142komirski.<\/p>\n\n\n\n<p><strong>IMPORTANT COMPOSITIONS:<\/strong><br>\u2022 Three Sketches for solo harp (1962)<br>\u2022 Three Miniatures for flute and piano (1965)<br>\u2022 Q 65 for string quartet (1965)<br>\u2022 Improvisation No. 1 for violin and piano (1967)<br>\u2022 Sonata for solo cello (1967)<br>\u2022 Wind Quintet (1968)<br>\u2022 Three Pieces for chamber orchestra (1968)<br>\u2022 Song of a Warrior\u2019s Wife for female reciting voice and symphony orchestra (1968)<br>\u2022 Locomotive for boys\u2019 choir (1969)<br>\u2022 Concerto for harp and chamber orchestra (1969)<br>\u2022 \u201cBlack-haired Girl\u201d Prelude for harp (1969)<br>\u2022 Kacperek\u2019s Adventure, symphonic fairy tale for male reciting voice and symphony orchestra (1969)<br>\u2022 Five Preludes for solo piano (1969)<br>\u2022 Sinfonietta No. 1 for orchestra (1969)<br>\u2022 Dance for chamber orchestra (1969)<br>\u2022 Toccata for two pianos (1969)<br>\u2022 Three Pieces for string orchestra (1970)<br>\u2022 Concert Overture for orchestra (1970)<br>\u2022 Polish Dance for violin and piano (1970)<br>\u2022 Stele 70 for symphony orchestra (1970)<br>\u2022 Sinfonietta No. 2 for orchestra (1970)<br>\u2022 Nonet (1970)<br>\u2022 Concerto breve for strings (1970)<br>\u2022 Little Suite for solo cello (1970)<br>\u2022 Triumphal March for orchestra (1970)<br>\u2022 Miniature Theme with Variations for oboe and piano (1970)<br>\u2022 Mr Tralali\u0144ski for children\u2019s choir (1970)<br>\u2022 Song of April in Szczecin for mixed choir and orchestra (1970)<br>\u2022 Song of Boles\u0142aw the Wrymouth\u2019s Knights for mixed choir and orchestra (1971)<br>\u2022 Song of the Fighting Ireland for orchestra (1971)<br>\u2022 Aria for violin and piano (1971)<br>\u2022 Two Songs for children\u2019s choir (1971)<br>\u2022 Prelude No. 2 \u201cForrest Dawn\u201d for harp (1971)<br>\u2022 Birds\u2019 Radio for children\u2019s choir (1971)<br>\u2022 Royal Castle in Warsaw, suite for string orchestra (1971)<br>\u2022 Sonata for violin and piano (1971)<br>\u2022 Sonatina for flute and piano (1971)<br>\u2022 Sonata for cello and piano (1971)<br>\u2022 Piano Trio (1971)<br>\u2022 Tale of a Bright Prince, ballet-pantomime (1972)<br>\u2022 E=mc for mixed choir (1972)<br>\u2022 Concerto for four harps (1972)<br>\u2022 Dance Suite for percussion quartet (1972)<br>\u2022 Sonata for double bass and piano (1972)<br>\u2022 Suite for piano and small orchestra (1973)<br>\u2022 Two Persian Miniatures for harp, flute and percussion (1973)<br>\u2022 Children\u2019s World, 15 easy pieces for children (1973)<br>\u2022 A Bumblebee and a Grasshopper for piano (1973)<br>\u2022 Concertino for piano and orchestra (1973)<br>\u2022 Four Easy Pieces for cello and piano (1973)<br>\u2022 Grotesque for xylophone and piano (1973)<br>\u2022 Concerto for Orchestra (1973)<br>\u2022 In the Meadow for piano (1973)<br>\u2022 Poeme Lugubre for symphony orchestra (1973)<br>\u2022 Seven Roses of Shiraz for harp (1973)<br>\u2022 Five Songs for soprano and piano (1974)<br>\u2022 Easy Suite for two violas (1974)<br>\u2022 Concertino for cello and orchestra (1974)<br>\u2022 Four Songs for soprano and piano (1974)<br>\u2022 Song of the Flag for a reciting man, mixed choir and orchestra (1974)<br>\u2022 Sonatina for percussion and piano (1974)<br>\u2022 Three Songs of Zarathustra for harp, flute and percussion (1974)<br>\u2022 Three Miniatures for four harps (1974)<br>\u2022 Theme with Variations for clarinet and piano (1975)<br>\u2022 Sonata for solo violin (1975)<br>\u2022 Cuban Suite for violin and harp (1975)<br>\u2022 Sonata for viola and piano (1975)<br>\u2022 Dos Rios for orchestra (1975)<br>\u2022 Quintet for Brass Instruments (1975)<br>\u2022 String Quartet (1975)<br>\u2022 Love Songs (version 1) for soprano and piano (1975)<br>\u2022 Love Songs (version 2) for soprano and orchestra (1976)<br>\u2022 September Alarm for soprano, baritone, reciting man, choir and orchestra (1976)<br>\u2022 Elements for symphony orchestra (1977)<br>\u2022 Isia and Cosmodwarves, symphonic tale for reciting voice and symphony orchestra (1993)<br>\u2022 Obsession for symphony orchestra (1997)<br>\u2022 Oberek for symphony orchestra (2001)<br>\u2022 Concert Suite for marimba and chamber orchestra (2005)<\/p>\n\n\n\n<p>References:<br>Wi\u0142komirski J\u00f3zef, Min\u0119\u0142o 10 lat\u20262007-2016. W 90. rocznic\u0119 urodzin, Wa\u0142brzych 2016.<br>Wi\u0142komirski J\u00f3zef, Lata 1926\u20132006. Wspomnienia nie tylko muzyczne, vol. 2, Wa\u0142brzych 2009.<br>Chodkowski A. (ed.), Encyklopedia muzyki, Warsaw 1995.<br>https:\/\/culture.pl\/pl\/tworca\/jozef-wilkomirski (viewed 28.08.2024)<br>https:\/\/www.1944.pl\/archiwum-historii-mowionej\/jozef-wilkomirski,3220.html (viewed 28.08.2024)<\/p>\n\n\n\n<p><\/p>\n\n\n\n<p><\/p>\n\n\n\n<p><\/p>\n","protected":false},"excerpt":{"rendered":"J\u00d3ZEF WI\u0141KOMIRSKI (1926\u20132020)Patron of the Sudeten Philharmonic \u201cFirst of all, let me introduce myself, I am not a&hellip;\n","protected":false},"author":11,"featured_media":0,"parent":0,"menu_order":0,"comment_status":"closed","ping_status":"closed","template":"","meta":{"_price":"","_stock":"","_tribe_ticket_header":"","_tribe_default_ticket_provider":"","_ticket_start_date":"","_ticket_end_date":"","_tribe_ticket_show_description":"","_tribe_ticket_show_not_going":false,"_tribe_ticket_use_global_stock":"","_tribe_ticket_global_stock_level":"","_global_stock_mode":"","_global_stock_cap":"","_tribe_rsvp_for_event":"","_tribe_ticket_going_count":"","_tribe_ticket_not_going_count":"","_tribe_tickets_list":"[]","_tribe_ticket_has_attendee_info_fields":false,"csco_display_header_overlay":false,"csco_disable_site_padding":false,"csco_singular_sidebar":"","csco_page_header_type":"","csco_page_load_nextpost":"","csco_post_video_location":[],"csco_post_video_location_hash":"","csco_post_video_url":"","csco_post_video_bg_start_time":0,"csco_post_video_bg_end_time":0,"footnotes":""},"class_list":["post-13295","page","type-page","status-publish","cs-entry","cs-video-wrap"],"_links":{"self":[{"href":"https:\/\/filharmoniasudecka.pl\/en\/wp-json\/wp\/v2\/pages\/13295","targetHints":{"allow":["GET"]}}],"collection":[{"href":"https:\/\/filharmoniasudecka.pl\/en\/wp-json\/wp\/v2\/pages"}],"about":[{"href":"https:\/\/filharmoniasudecka.pl\/en\/wp-json\/wp\/v2\/types\/page"}],"author":[{"embeddable":true,"href":"https:\/\/filharmoniasudecka.pl\/en\/wp-json\/wp\/v2\/users\/11"}],"replies":[{"embeddable":true,"href":"https:\/\/filharmoniasudecka.pl\/en\/wp-json\/wp\/v2\/comments?post=13295"}],"version-history":[{"count":2,"href":"https:\/\/filharmoniasudecka.pl\/en\/wp-json\/wp\/v2\/pages\/13295\/revisions"}],"predecessor-version":[{"id":13297,"href":"https:\/\/filharmoniasudecka.pl\/en\/wp-json\/wp\/v2\/pages\/13295\/revisions\/13297"}],"wp:attachment":[{"href":"https:\/\/filharmoniasudecka.pl\/en\/wp-json\/wp\/v2\/media?parent=13295"}],"curies":[{"name":"wp","href":"https:\/\/api.w.org\/{rel}","templated":true}]}}